{"id":988860,"date":"2026-03-20T09:20:34","date_gmt":"2026-03-20T09:20:34","guid":{"rendered":"https:\/\/asvaluation.com\/servicios\/"},"modified":"2026-04-16T16:51:29","modified_gmt":"2026-04-16T16:51:29","slug":"services","status":"publish","type":"page","link":"https:\/\/asvaluation.com\/en\/services\/","title":{"rendered":"Services"},"content":{"rendered":"\t\t<div data-elementor-type=\"wp-page\" data-elementor-id=\"988860\" class=\"elementor elementor-988860 elementor-25\" data-elementor-post-type=\"page\">\n\t\t\t\t<div class=\"elementor-element elementor-element-2d73fd4 e-con-full e-flex e-con e-parent\" data-id=\"2d73fd4\" data-element_type=\"container\" data-e-type=\"container\" data-settings=\"{&quot;background_background&quot;:&quot;classic&quot;}\">\n\t\t\t\t<\/div>\n\t\t<div class=\"elementor-element elementor-element-d4cab50 asv-servicios-nav e-flex e-con-boxed e-con e-parent\" data-id=\"d4cab50\" data-element_type=\"container\" data-e-type=\"container\" data-settings=\"{&quot;background_background&quot;:&quot;classic&quot;}\">\n\t\t\t\t\t<div class=\"e-con-inner\">\n\t\t\t\t<div class=\"vamtam-has-theme-widget-styles elementor-element elementor-element-52c41e6 elementor-align-center elementor-widget elementor-widget-button\" data-id=\"52c41e6\" data-element_type=\"widget\" data-e-type=\"widget\" data-widget_type=\"button.default\">\n\t\t\t\t<div class=\"elementor-widget-container\">\n\t\t\t\t\t\t\t\t\t<div class=\"elementor-button-wrapper\">\n\t\t\t\t\t<a class=\"elementor-button elementor-button-link elementor-size-sm\" href=\"#tangibles\">\n\t\t\t\t\t\t<span class=\"elementor-button-content-wrapper\">\n\t\t\t\t\t\t\t\t\t<span class=\"elementor-button-text\">Tangible Assets<\/span>\n\t\t\t\t\t<\/span>\n\t\t\t\t\t<\/a>\n\t\t\t\t<\/div>\n\t\t\t\t\t\t\t\t<\/div>\n\t\t\t\t<\/div>\n\t\t\t\t<div class=\"vamtam-has-theme-widget-styles elementor-element elementor-element-8b32e46 elementor-align-center elementor-widget elementor-widget-button\" data-id=\"8b32e46\" data-element_type=\"widget\" data-e-type=\"widget\" data-widget_type=\"button.default\">\n\t\t\t\t<div class=\"elementor-widget-container\">\n\t\t\t\t\t\t\t\t\t<div class=\"elementor-button-wrapper\">\n\t\t\t\t\t<a class=\"elementor-button elementor-button-link elementor-size-sm\" href=\"#intangibles\">\n\t\t\t\t\t\t<span class=\"elementor-button-content-wrapper\">\n\t\t\t\t\t\t\t\t\t<span class=\"elementor-button-text\">Intangible Assets<\/span>\n\t\t\t\t\t<\/span>\n\t\t\t\t\t<\/a>\n\t\t\t\t<\/div>\n\t\t\t\t\t\t\t\t<\/div>\n\t\t\t\t<\/div>\n\t\t\t\t<div class=\"vamtam-has-theme-widget-styles elementor-element elementor-element-3cab509 elementor-align-center elementor-widget elementor-widget-button\" data-id=\"3cab509\" data-element_type=\"widget\" data-e-type=\"widget\" data-widget_type=\"button.default\">\n\t\t\t\t<div class=\"elementor-widget-container\">\n\t\t\t\t\t\t\t\t\t<div class=\"elementor-button-wrapper\">\n\t\t\t\t\t<a class=\"elementor-button elementor-button-link elementor-size-sm\" href=\"#modelos\">\n\t\t\t\t\t\t<span class=\"elementor-button-content-wrapper\">\n\t\t\t\t\t\t\t\t\t<span class=\"elementor-button-text\">Business Models<\/span>\n\t\t\t\t\t<\/span>\n\t\t\t\t\t<\/a>\n\t\t\t\t<\/div>\n\t\t\t\t\t\t\t\t<\/div>\n\t\t\t\t<\/div>\n\t\t\t\t<div class=\"vamtam-has-theme-widget-styles elementor-element elementor-element-c981abe elementor-align-center elementor-widget elementor-widget-button\" data-id=\"c981abe\" data-element_type=\"widget\" data-e-type=\"widget\" data-widget_type=\"button.default\">\n\t\t\t\t<div class=\"elementor-widget-container\">\n\t\t\t\t\t\t\t\t\t<div class=\"elementor-button-wrapper\">\n\t\t\t\t\t<a class=\"elementor-button elementor-button-link elementor-size-sm\" href=\"#forense\">\n\t\t\t\t\t\t<span class=\"elementor-button-content-wrapper\">\n\t\t\t\t\t\t\t\t\t<span class=\"elementor-button-text\">Forensic Economics<\/span>\n\t\t\t\t\t<\/span>\n\t\t\t\t\t<\/a>\n\t\t\t\t<\/div>\n\t\t\t\t\t\t\t\t<\/div>\n\t\t\t\t<\/div>\n\t\t\t\t\t<\/div>\n\t\t\t\t<\/div>\n\t\t<div class=\"elementor-element elementor-element-fae7b9d asv-servicios-intro e-flex e-con-boxed e-con e-parent\" data-id=\"fae7b9d\" data-element_type=\"container\" data-e-type=\"container\" data-settings=\"{&quot;background_background&quot;:&quot;classic&quot;}\">\n\t\t\t\t\t<div class=\"e-con-inner\">\n\t\t\t\t<div class=\"elementor-element elementor-element-796cc92 elementor-invisible animated-fast elementor-widget__width-initial elementor-widget elementor-widget-heading\" data-id=\"796cc92\" data-element_type=\"widget\" data-e-type=\"widget\" data-settings=\"{&quot;_animation&quot;:&quot;fadeIn&quot;}\" data-widget_type=\"heading.default\">\n\t\t\t\t<div class=\"elementor-widget-container\">\n\t\t\t\t\t<h2 class=\"elementor-heading-title elementor-size-default\">Our Services<\/h2>\t\t\t\t<\/div>\n\t\t\t\t<\/div>\n\t\t\t\t<div class=\"elementor-element elementor-element-8c3e5fb elementor-widget elementor-widget-heading\" data-id=\"8c3e5fb\" data-element_type=\"widget\" data-e-type=\"widget\" data-widget_type=\"heading.default\">\n\t\t\t\t<div class=\"elementor-widget-container\">\n\t\t\t\t\t<p class=\"elementor-heading-title elementor-size-default\">28 years of service and over 850 valuations of every type of asset<\/p>\t\t\t\t<\/div>\n\t\t\t\t<\/div>\n\t\t\t\t<div class=\"elementor-element elementor-element-5f76402 elementor-widget elementor-widget-text-editor\" data-id=\"5f76402\" data-element_type=\"widget\" data-e-type=\"widget\" data-widget_type=\"text-editor.default\">\n\t\t\t\t<div class=\"elementor-widget-container\">\n\t\t\t\t\t\t\t\t\t<p>as.valuation offers valuation services for all industries, valuing tangible and intangible assets, business models and investments, and intervening in forensic and judicial economics processes.<\/p><p><\/p>\t\t\t\t\t\t\t\t<\/div>\n\t\t\t\t<\/div>\n\t\t\t\t\t<\/div>\n\t\t\t\t<\/div>\n\t\t<div class=\"elementor-element elementor-element-4cb2a7f asv-servicios-category e-flex e-con-boxed e-con e-parent\" data-id=\"4cb2a7f\" data-element_type=\"container\" data-e-type=\"container\" data-settings=\"{&quot;background_background&quot;:&quot;classic&quot;}\">\n\t\t\t\t\t<div class=\"e-con-inner\">\n\t\t\t\t<div class=\"elementor-element elementor-element-c29fb41 elementor-widget elementor-widget-menu-anchor\" data-id=\"c29fb41\" data-element_type=\"widget\" data-e-type=\"widget\" data-widget_type=\"menu-anchor.default\">\n\t\t\t\t<div class=\"elementor-widget-container\">\n\t\t\t\t\t\t\t<div class=\"elementor-menu-anchor\" id=\"tangibles\"><\/div>\n\t\t\t\t\t\t<\/div>\n\t\t\t\t<\/div>\n\t\t<div class=\"elementor-element elementor-element-75a6b82 e-con-full asv-service-item e-flex e-con e-child\" data-id=\"75a6b82\" data-element_type=\"container\" data-e-type=\"container\" data-settings=\"{&quot;background_background&quot;:&quot;classic&quot;}\">\n\t\t<div class=\"elementor-element elementor-element-4a018f2 e-con-full asv-service-image e-flex e-con e-child\" data-id=\"4a018f2\" data-element_type=\"container\" data-e-type=\"container\" data-settings=\"{&quot;background_background&quot;:&quot;classic&quot;}\">\n\t\t\t\t<\/div>\n\t\t<div class=\"elementor-element elementor-element-085a46b e-con-full asv-service-content e-flex e-con e-child\" data-id=\"085a46b\" data-element_type=\"container\" data-e-type=\"container\">\n\t\t\t\t<div class=\"elementor-element elementor-element-369d185 elementor-widget elementor-widget-heading\" data-id=\"369d185\" data-element_type=\"widget\" data-e-type=\"widget\" data-widget_type=\"heading.default\">\n\t\t\t\t<div class=\"elementor-widget-container\">\n\t\t\t\t\t<h2 class=\"elementor-heading-title elementor-size-default\">Tangible Assets<\/h2>\t\t\t\t<\/div>\n\t\t\t\t<\/div>\n\t\t\t\t<div class=\"elementor-element elementor-element-31e2b59 elementor-widget elementor-widget-text-editor\" data-id=\"31e2b59\" data-element_type=\"widget\" data-e-type=\"widget\" data-widget_type=\"text-editor.default\">\n\t\t\t\t<div class=\"elementor-widget-container\">\n\t\t\t\t\t\t\t\t\t<p><strong>I. FINANCIAL ASSETS<\/strong><\/p><p><strong>Liquidity and cash equivalents<\/strong><\/p><ul><li>Cash<\/li><li>Bank cash<\/li><li>Short-term deposits<\/li><li>Checks<\/li><li>Short-term promissory notes<\/li><\/ul><p><strong>Fixed income<\/strong><\/p><ul><li>Corporate bonds<\/li><li>Debentures<\/li><li>Government debt<\/li><li>Private debt<\/li><li>Money market instruments<\/li><\/ul><p><strong>Equities<\/strong><\/p><ul><li>Listed shares<\/li><li>Unlisted shares<\/li><li>Equity stakes<\/li><\/ul><p><strong>Investment vehicles<\/strong><\/p><ul><li>Investment funds<\/li><li>Private equity funds<\/li><li>Venture capital funds<\/li><li>Units or shares in SICAV \/ SII \/ SI<\/li><\/ul><p><strong>Financial derivatives<\/strong><\/p><ul><li>Swaps<\/li><li>Options<\/li><li>Futures<\/li><li>Contracts for difference (CFD)<\/li><\/ul><p><strong>Purpose<\/strong><\/p><ul><li>Hedging<\/li><li>Risk management<\/li><li>Investment \/ arbitrage<\/li><\/ul><p><strong>Special financial assets<\/strong><\/p><ul><li>Credit rights<\/li><li>Economic compensation rights<\/li><li>Hybrid instruments<\/li><li>Financial payment methods<\/li><\/ul><p><strong>II. INDUSTRIAL ASSETS <\/strong><\/p><ul><li>Infrastructure<\/li><li>Technical installations<\/li><li>Machinery<\/li><li>Tools<\/li><li>Transport equipment<\/li><li>Exploitable natural resources<\/li><\/ul><p><strong>III. REAL ESTATE ASSETS<\/strong><\/p><ol><li><strong> Land<\/strong><\/li><\/ol><ul><li>Urban<\/li><li>Rural<\/li><li>Industrial<\/li><\/ul><ol start=\"2\"><li><strong> Buildings<\/strong><\/li><\/ol><ul><li>Residential<\/li><li>Commercial<\/li><li>Industrial<\/li><li>Logistics<\/li><\/ul><p><strong>IV. ALTERNATIVE ASSETS<\/strong><\/p><ul><li>Physical commodities<\/li><li>Precious metals<\/li><li>Cultural and artistic assets<\/li><li>Collectibles<\/li><li>Exotic assets<\/li><\/ul><p><strong>V. TANGIBLE ASSET SUPPORT ELEMENTS<\/strong><\/p><ul><li>Transfer pricing<\/li><li>Group restructuring<\/li><li>Hedging policies<\/li><li>Tax and financial strategies<\/li><\/ul>\t\t\t\t\t\t\t\t<\/div>\n\t\t\t\t<\/div>\n\t\t\t\t<\/div>\n\t\t\t\t<\/div>\n\t\t\t\t\t<\/div>\n\t\t\t\t<\/div>\n\t\t<div class=\"elementor-element elementor-element-4a9c7e3 asv-servicios-category e-flex e-con-boxed e-con e-parent\" data-id=\"4a9c7e3\" data-element_type=\"container\" data-e-type=\"container\" data-settings=\"{&quot;background_background&quot;:&quot;classic&quot;}\">\n\t\t\t\t\t<div class=\"e-con-inner\">\n\t\t\t\t<div class=\"elementor-element elementor-element-674052f elementor-widget elementor-widget-menu-anchor\" data-id=\"674052f\" data-element_type=\"widget\" data-e-type=\"widget\" data-widget_type=\"menu-anchor.default\">\n\t\t\t\t<div class=\"elementor-widget-container\">\n\t\t\t\t\t\t\t<div class=\"elementor-menu-anchor\" id=\"intangibles\"><\/div>\n\t\t\t\t\t\t<\/div>\n\t\t\t\t<\/div>\n\t\t<div class=\"elementor-element elementor-element-e9627d5 e-con-full asv-service-item e-flex e-con e-child\" data-id=\"e9627d5\" data-element_type=\"container\" data-e-type=\"container\" data-settings=\"{&quot;background_background&quot;:&quot;classic&quot;}\">\n\t\t<div class=\"elementor-element elementor-element-5762ba1 e-con-full asv-service-content e-flex e-con e-child\" data-id=\"5762ba1\" data-element_type=\"container\" data-e-type=\"container\">\n\t\t\t\t<div class=\"elementor-element elementor-element-a06b174 elementor-widget elementor-widget-heading\" data-id=\"a06b174\" data-element_type=\"widget\" data-e-type=\"widget\" data-widget_type=\"heading.default\">\n\t\t\t\t<div class=\"elementor-widget-container\">\n\t\t\t\t\t<h2 class=\"elementor-heading-title elementor-size-default\">Intangible Assets<\/h2>\t\t\t\t<\/div>\n\t\t\t\t<\/div>\n\t\t\t\t<div class=\"elementor-element elementor-element-287f3ba elementor-widget elementor-widget-text-editor\" data-id=\"287f3ba\" data-element_type=\"widget\" data-e-type=\"widget\" data-widget_type=\"text-editor.default\">\n\t\t\t\t<div class=\"elementor-widget-container\">\n\t\t\t\t\t\t\t\t\t<p><span style=\"color: #000000;\"><strong>I. INTELLECTUAL PROPERTY<\/strong><\/span><\/p><p><span style=\"color: #000000;\"><strong><u>Copyright<\/u><\/strong><\/span><\/p><p><span style=\"color: #000000;\"><strong>Protected works <\/strong><\/span><\/p><ul><li><span style=\"color: #000000;\">Literary (books, articles)<\/span><\/li><li><span style=\"color: #000000;\">Artistic (painting, sculpture, photography)<\/span><\/li><li><span style=\"color: #000000;\">Audiovisual<\/span><\/li><li><span style=\"color: #000000;\">Musical and audiovisual<\/span><\/li><li><span style=\"color: #000000;\">Computer programs (software)<\/span><\/li><\/ul><p><span style=\"color: #000000;\"><strong>Digitized, digital or virtual environments<\/strong><\/span><\/p><ul><li><span style=\"color: #000000;\">Virtual worlds and technologies<\/span><\/li><li><span style=\"color: #000000;\">Avatars \/ NFT<\/span><\/li><li><span style=\"color: #000000;\">Digital works<\/span><\/li><li><span style=\"color: #000000;\">Digital art<\/span><\/li><li><span style=\"color: #000000;\">Software<\/span><\/li><\/ul><p><span style=\"color: #000000;\"><strong><u>Rights <\/u><\/strong><\/span><\/p><ul><li><span style=\"color: #000000;\">Moral rights<\/span><\/li><li><span style=\"color: #000000;\">Economic rights<\/span><\/li><\/ul><p><span style=\"color: #000000;\"><strong><u>Related rights<\/u><\/strong><\/span><\/p><p><span style=\"color: #000000;\"><strong>Protection<\/strong><\/span><\/p><ul><li><span style=\"color: #000000;\">Performers and executors<\/span><\/li><li><span style=\"color: #000000;\">Phonogram and audiovisual producers<\/span><\/li><li><span style=\"color: #000000;\">Asset representatives<\/span><\/li><\/ul><p><span style=\"color: #000000;\"><strong>Broadcasting<\/strong><\/span><\/p><ul><li><span style=\"color: #000000;\">Broadcasting organizations<\/span><\/li><\/ul><p><span style=\"color: #000000;\"><strong>Reputation<\/strong><\/span><\/p><ul><li><span style=\"color: #000000;\">Integrity and prestige<\/span><\/li><li><span style=\"color: #000000;\">Corporate image and prestige<\/span><\/li><li><span style=\"color: #000000;\">Acts of denigration<\/span><\/li><\/ul><p><span style=\"color: #000000;\"><strong>II. INDUSTRIAL PROPERTY<\/strong><\/span><\/p><p><span style=\"color: #000000;\"><strong>Inventions &amp; Innovations<\/strong><\/span><\/p><ul><li><span style=\"color: #000000;\">Patents<\/span><\/li><li><span style=\"color: #000000;\">Utility models<\/span><\/li><\/ul><p><span style=\"color: #000000;\"><strong>Distinctive signs<\/strong><\/span><\/p><ul><li><span style=\"color: #000000;\">Trademarks<\/span><\/li><li><span style=\"color: #000000;\">Trade names<\/span><\/li><li><span style=\"color: #000000;\">Commercial slogans<\/span><\/li><li><span style=\"color: #000000;\">Corporate image and prestige<\/span><\/li><\/ul><p><span style=\"color: #000000;\"><strong>Designations of origin<\/strong><\/span><\/p><ul><li><span style=\"color: #000000;\">Reference<\/span><\/li><li><span style=\"color: #000000;\">Quality<\/span><\/li><\/ul><p><span style=\"color: #000000;\"><strong>Industrial designs<\/strong><\/span><\/p><p><span style=\"color: #000000;\"><strong>Two-dimensional (2D) designs<\/strong><\/span><\/p><ul><li><span style=\"color: #000000;\">Drawings and graphic models<\/span><\/li><\/ul><p><span style=\"color: #000000;\"><strong>Three-dimensional (3D) designs<\/strong><\/span><\/p><ul><li><span style=\"color: #000000;\">Shapes and volumes<\/span><\/li><\/ul><p><span style=\"color: #000000;\"><strong>Mixed designs<\/strong><\/span><\/p><ul><li><span style=\"color: #000000;\">Shape + decoration<\/span><\/li><\/ul>\t\t\t\t\t\t\t\t<\/div>\n\t\t\t\t<\/div>\n\t\t\t\t<\/div>\n\t\t<div class=\"elementor-element elementor-element-9c0ae24 e-con-full asv-service-image e-flex e-con e-child\" data-id=\"9c0ae24\" data-element_type=\"container\" data-e-type=\"container\" data-settings=\"{&quot;background_background&quot;:&quot;classic&quot;}\">\n\t\t\t\t<\/div>\n\t\t\t\t<\/div>\n\t\t\t\t\t<\/div>\n\t\t\t\t<\/div>\n\t\t<div class=\"elementor-element elementor-element-735b4a0 asv-servicios-category e-flex e-con-boxed e-con e-parent\" data-id=\"735b4a0\" data-element_type=\"container\" data-e-type=\"container\" data-settings=\"{&quot;background_background&quot;:&quot;classic&quot;}\">\n\t\t\t\t\t<div class=\"e-con-inner\">\n\t\t\t\t<div class=\"elementor-element elementor-element-6dc71a3 elementor-widget elementor-widget-menu-anchor\" data-id=\"6dc71a3\" data-element_type=\"widget\" data-e-type=\"widget\" data-widget_type=\"menu-anchor.default\">\n\t\t\t\t<div class=\"elementor-widget-container\">\n\t\t\t\t\t\t\t<div class=\"elementor-menu-anchor\" id=\"modelos\"><\/div>\n\t\t\t\t\t\t<\/div>\n\t\t\t\t<\/div>\n\t\t<div class=\"elementor-element elementor-element-4c3ae62 e-con-full asv-service-item e-flex e-con e-child\" data-id=\"4c3ae62\" data-element_type=\"container\" data-e-type=\"container\" data-settings=\"{&quot;background_background&quot;:&quot;classic&quot;}\">\n\t\t<div class=\"elementor-element elementor-element-fd6e79b e-con-full asv-service-image e-flex e-con e-child\" data-id=\"fd6e79b\" data-element_type=\"container\" data-e-type=\"container\" data-settings=\"{&quot;background_background&quot;:&quot;classic&quot;}\">\n\t\t\t\t<\/div>\n\t\t<div class=\"elementor-element elementor-element-d791b42 e-con-full asv-service-content e-flex e-con e-child\" data-id=\"d791b42\" data-element_type=\"container\" data-e-type=\"container\">\n\t\t\t\t<div class=\"elementor-element elementor-element-c74db0f elementor-widget elementor-widget-heading\" data-id=\"c74db0f\" data-element_type=\"widget\" data-e-type=\"widget\" data-widget_type=\"heading.default\">\n\t\t\t\t<div class=\"elementor-widget-container\">\n\t\t\t\t\t<h2 class=\"elementor-heading-title elementor-size-default\">Business Models and Investments<\/h2>\t\t\t\t<\/div>\n\t\t\t\t<\/div>\n\t\t\t\t<div class=\"elementor-element elementor-element-759a1bf elementor-widget elementor-widget-text-editor\" data-id=\"759a1bf\" data-element_type=\"widget\" data-e-type=\"widget\" data-widget_type=\"text-editor.default\">\n\t\t\t\t<div class=\"elementor-widget-container\">\n\t\t\t\t\t\t\t\t\t<p><b>I. BUSINESS MODELS<\/b><\/p><ul><li>Approach &amp; Priorities<\/li><li>Due Diligence &amp; Appraisal<\/li><li>360\u00ba Business Valuation<\/li><li>420\u00ba Valuation Model<\/li><li>Strategy Contrast<\/li><li>Business Intelligence<\/li><li>Finance \/ Cash Flows \/ Debt<\/li><li>Value Management<\/li><li>Growth &amp; Profitability<\/li><\/ul><p><b>II. INVESTMENTS &amp; OWNERSHIP<\/b><\/p><ul><li>Ownership &amp; Capital Increases<\/li><li>Investments &amp; Projects<\/li><li>Risk Map<\/li><li>Investment Structures<ul><li>\u00a0\u00a0\u00a0\u00a0Listed<\/li><li>\u00a0\u00a0\u00a0\u00a0Unlisted<\/li><\/ul><\/li><li>Vehicles &amp; Instruments<\/li><li>Value Management<\/li><\/ul><p><b>III. INVESTOR RELATIONS<\/b><\/p><ul><li>360\u00ba Investment Valuation<\/li><li>Investor Dossier<\/li><li>Research &amp; Database<\/li><\/ul>\t\t\t\t\t\t\t\t<\/div>\n\t\t\t\t<\/div>\n\t\t\t\t<\/div>\n\t\t\t\t<\/div>\n\t\t\t\t\t<\/div>\n\t\t\t\t<\/div>\n\t\t<div class=\"elementor-element elementor-element-5de36a2 asv-servicios-category e-flex e-con-boxed e-con e-parent\" data-id=\"5de36a2\" data-element_type=\"container\" data-e-type=\"container\" data-settings=\"{&quot;background_background&quot;:&quot;classic&quot;}\">\n\t\t\t\t\t<div class=\"e-con-inner\">\n\t\t\t\t<div class=\"elementor-element elementor-element-96c7b10 elementor-widget elementor-widget-menu-anchor\" data-id=\"96c7b10\" data-element_type=\"widget\" data-e-type=\"widget\" data-widget_type=\"menu-anchor.default\">\n\t\t\t\t<div class=\"elementor-widget-container\">\n\t\t\t\t\t\t\t<div class=\"elementor-menu-anchor\" id=\"forense\"><\/div>\n\t\t\t\t\t\t<\/div>\n\t\t\t\t<\/div>\n\t\t<div class=\"elementor-element elementor-element-ef580d1 e-con-full asv-service-item e-flex e-con e-child\" data-id=\"ef580d1\" data-element_type=\"container\" data-e-type=\"container\" data-settings=\"{&quot;background_background&quot;:&quot;classic&quot;}\">\n\t\t<div class=\"elementor-element elementor-element-2f67908 e-con-full asv-service-content e-flex e-con e-child\" data-id=\"2f67908\" data-element_type=\"container\" data-e-type=\"container\">\n\t\t\t\t<div class=\"elementor-element elementor-element-bf8dc51 elementor-widget elementor-widget-heading\" data-id=\"bf8dc51\" data-element_type=\"widget\" data-e-type=\"widget\" data-widget_type=\"heading.default\">\n\t\t\t\t<div class=\"elementor-widget-container\">\n\t\t\t\t\t<h2 class=\"elementor-heading-title elementor-size-default\">Forensic Economics<\/h2>\t\t\t\t<\/div>\n\t\t\t\t<\/div>\n\t\t\t\t<div class=\"elementor-element elementor-element-1645e82 elementor-widget elementor-widget-text-editor\" data-id=\"1645e82\" data-element_type=\"widget\" data-e-type=\"widget\" data-widget_type=\"text-editor.default\">\n\t\t\t\t<div class=\"elementor-widget-container\">\n\t\t\t\t\t\t\t\t\t<p><strong>I. FORENSIC ECONOMIC FUNCTION<\/strong><\/p><ul><li>Forensic economic-financial analysis<\/li><li>Asset structure analysis<\/li><li>Irregularity and fraud detection<\/li><li>Accounting and financial reconstruction<\/li><li>Economic-financial traceability<\/li><li>Economic evidence<\/li><li>Economic valuation in dispute<\/li><\/ul><p><strong>II. TECHNICAL AND CONTRAST OPINION<\/strong><\/p><ul><li>Contrast opinion<\/li><li>Review of expert reports<\/li><li>Counter-expert reports<\/li><li>Technical assistance to lawyers<\/li><li>Assistance to mediators and arbitrators<\/li><\/ul><p><strong>III. INDEPENDENT EXPERTS &#8211; EXPERT WITNESSES<\/strong><\/p><ol><li><strong> Independent experts<\/strong><\/li><\/ol><ul><li>Private appointment<\/li><li>Extrajudicial and judicial action<\/li><\/ul><ol start=\"2\"><li><strong> Judicial experts<\/strong><\/li><\/ol><ul><li>Judicial appointment<\/li><li>Ratification in judicial proceedings<\/li><\/ul><p><strong>IV. EXPERT REPORTS AND EVIDENCE<\/strong><\/p><ul><li>Economic expert reports<\/li><li>Valuation reports<\/li><li>Damage and loss reports<\/li><li>Asset administration reports<\/li><\/ul><p><strong>V. ASSET ADMINISTRATION<\/strong><\/p><ul><li>Private and judicial asset administration<\/li><li>Economic intervention and supervision<\/li><\/ul>\t\t\t\t\t\t\t\t<\/div>\n\t\t\t\t<\/div>\n\t\t\t\t<\/div>\n\t\t<div class=\"elementor-element elementor-element-1d32f68 e-con-full asv-service-image e-flex e-con e-child\" data-id=\"1d32f68\" data-element_type=\"container\" data-e-type=\"container\" data-settings=\"{&quot;background_background&quot;:&quot;classic&quot;}\">\n\t\t\t\t<\/div>\n\t\t\t\t<\/div>\n\t\t\t\t\t<\/div>\n\t\t\t\t<\/div>\n\t\t\t\t<\/div>\n\t\t","protected":false},"excerpt":{"rendered":"<p>Activos Tangibles Activos Intangibles Modelos de Negocio Econom\u00eda Forense 28 a\u00f1os prestando servicios y m\u00e1s de 850 valoraciones de todo tipo de activos as.valuation ofrece servicios de valoraci\u00f3n para todas las industrias, valorando activos tangibles e intangibles, modelos de negocio e inversiones e interviniendo en procesos de econom\u00eda forense y judicial. Activos Tangibles I. ACTIVOS&#8230;<\/p>\n","protected":false},"author":1,"featured_media":988875,"parent":0,"menu_order":0,"comment_status":"closed","ping_status":"closed","template":"elementor_header_footer","meta":{"footnotes":""},"class_list":["post-988860","page","type-page","status-publish","has-post-thumbnail","hentry"],"_links":{"self":[{"href":"https:\/\/asvaluation.com\/en\/wp-json\/wp\/v2\/pages\/988860","targetHints":{"allow":["GET"]}}],"collection":[{"href":"https:\/\/asvaluation.com\/en\/wp-json\/wp\/v2\/pages"}],"about":[{"href":"https:\/\/asvaluation.com\/en\/wp-json\/wp\/v2\/types\/page"}],"author":[{"embeddable":true,"href":"https:\/\/asvaluation.com\/en\/wp-json\/wp\/v2\/users\/1"}],"replies":[{"embeddable":true,"href":"https:\/\/asvaluation.com\/en\/wp-json\/wp\/v2\/comments?post=988860"}],"version-history":[{"count":1,"href":"https:\/\/asvaluation.com\/en\/wp-json\/wp\/v2\/pages\/988860\/revisions"}],"predecessor-version":[{"id":988877,"href":"https:\/\/asvaluation.com\/en\/wp-json\/wp\/v2\/pages\/988860\/revisions\/988877"}],"wp:featuredmedia":[{"embeddable":true,"href":"https:\/\/asvaluation.com\/en\/wp-json\/wp\/v2\/media\/988875"}],"wp:attachment":[{"href":"https:\/\/asvaluation.com\/en\/wp-json\/wp\/v2\/media?parent=988860"}],"curies":[{"name":"wp","href":"https:\/\/api.w.org\/{rel}","templated":true}]}}