{"id":988866,"date":"2025-02-19T13:36:52","date_gmt":"2025-02-19T13:36:52","guid":{"rendered":"https:\/\/asvaluation.com\/terminos-y-condiciones\/"},"modified":"2026-04-16T16:51:29","modified_gmt":"2026-04-16T16:51:29","slug":"terms-and-conditions","status":"publish","type":"page","link":"https:\/\/asvaluation.com\/en\/terms-and-conditions\/","title":{"rendered":"Terms and Conditions"},"content":{"rendered":"\t\t<div data-elementor-type=\"wp-page\" data-elementor-id=\"988866\" class=\"elementor elementor-988866 elementor-1090\" data-elementor-post-type=\"page\">\n\t\t\t\t<div class=\"elementor-element elementor-element-b6f3875 e-flex e-con-boxed e-con e-parent\" data-id=\"b6f3875\" data-element_type=\"container\" data-e-type=\"container\">\n\t\t\t\t\t<div class=\"e-con-inner\">\n\t\t\t\t<div class=\"elementor-element elementor-element-efe66d1 elementor-widget elementor-widget-text-editor\" data-id=\"efe66d1\" data-element_type=\"widget\" data-e-type=\"widget\" data-widget_type=\"text-editor.default\">\n\t\t\t\t<div class=\"elementor-widget-container\">\n\t\t\t\t\t\t\t\t\t<p>In compliance with Article 10 of Law 34\/2002, of July 11, on Information Society Services and Electronic Commerce (LSSI-CE), the following information is hereby made available to users:<\/p>\t\t\t\t\t\t\t\t<\/div>\n\t\t\t\t<\/div>\n\t\t\t\t<div class=\"elementor-element elementor-element-bee27d1 elementor-widget elementor-widget-heading\" data-id=\"bee27d1\" data-element_type=\"widget\" data-e-type=\"widget\" data-widget_type=\"heading.default\">\n\t\t\t\t<div class=\"elementor-widget-container\">\n\t\t\t\t\t<h3 class=\"elementor-heading-title elementor-size-default\">1. Website Ownership and Identifying Information<\/h3>\t\t\t\t<\/div>\n\t\t\t\t<\/div>\n\t\t\t\t<div class=\"elementor-element elementor-element-4747289 elementor-widget elementor-widget-text-editor\" data-id=\"4747289\" data-element_type=\"widget\" data-e-type=\"widget\" data-widget_type=\"text-editor.default\">\n\t\t\t\t<div class=\"elementor-widget-container\">\n\t\t\t\t\t\t\t\t\t<ul><li><p>Owner: ACADEMTER SL<\/p><\/li><li><p>Tax ID (CIF): B61751822<\/p><\/li><li><p>Registered office: CL ARAGO, 336, 08009 Barcelona, Spain<\/p><\/li><li><p>Contact email: <a href=\"mailto:contact@e-as.biz\" target=\"_blank\" rel=\"nofollow noopener\">contact@e-as.biz<\/a><\/p><\/li><li><p>Phone: (+34) 93 595 82 99<\/p><\/li><li><p>Website: <a href=\"https:\/\/www.e-as.biz\/esp\/\" target=\"_blank\" rel=\"nofollow noopener\">https:\/\/www.e-as.biz\/<\/a><\/p><\/li><\/ul>\t\t\t\t\t\t\t\t<\/div>\n\t\t\t\t<\/div>\n\t\t\t\t<div class=\"elementor-element elementor-element-1ff617c elementor-widget elementor-widget-heading\" data-id=\"1ff617c\" data-element_type=\"widget\" data-e-type=\"widget\" data-widget_type=\"heading.default\">\n\t\t\t\t<div class=\"elementor-widget-container\">\n\t\t\t\t\t<h3 class=\"elementor-heading-title elementor-size-default\">2. Purpose<\/h3>\t\t\t\t<\/div>\n\t\t\t\t<\/div>\n\t\t\t\t<div class=\"elementor-element elementor-element-3744fad elementor-widget elementor-widget-text-editor\" data-id=\"3744fad\" data-element_type=\"widget\" data-e-type=\"widget\" data-widget_type=\"text-editor.default\">\n\t\t\t\t<div class=\"elementor-widget-container\">\n\t\t\t\t\t\t\t\t\t<p>This website is intended to provide information about the professional services offered by ACADEMTER SL and to facilitate contact with the company.<\/p>\t\t\t\t\t\t\t\t<\/div>\n\t\t\t\t<\/div>\n\t\t\t\t<div class=\"elementor-element elementor-element-7325a0b elementor-widget elementor-widget-heading\" data-id=\"7325a0b\" data-element_type=\"widget\" data-e-type=\"widget\" data-widget_type=\"heading.default\">\n\t\t\t\t<div class=\"elementor-widget-container\">\n\t\t\t\t\t<h3 class=\"elementor-heading-title elementor-size-default\">3. Terms of Use<\/h3>\t\t\t\t<\/div>\n\t\t\t\t<\/div>\n\t\t\t\t<div class=\"elementor-element elementor-element-ea63ad5 elementor-widget elementor-widget-text-editor\" data-id=\"ea63ad5\" data-element_type=\"widget\" data-e-type=\"widget\" data-widget_type=\"text-editor.default\">\n\t\t\t\t<div class=\"elementor-widget-container\">\n\t\t\t\t\t\t\t\t\t<p>Accessing and browsing this website implies acceptance of the terms of use detailed below:<\/p><p>The user agrees to use the website and its contents in accordance with the law, morality, public order, and this legal notice.<\/p><p>Total or partial reproduction of the website contents without express authorization is not permitted.<\/p><p>The owner shall not be liable for damages arising from accessing, using, or misusing the contents.<\/p>\t\t\t\t\t\t\t\t<\/div>\n\t\t\t\t<\/div>\n\t\t\t\t<div class=\"elementor-element elementor-element-d39b649 elementor-widget elementor-widget-heading\" data-id=\"d39b649\" data-element_type=\"widget\" data-e-type=\"widget\" data-widget_type=\"heading.default\">\n\t\t\t\t<div class=\"elementor-widget-container\">\n\t\t\t\t\t<h3 class=\"elementor-heading-title elementor-size-default\">4. Intellectual and Industrial Property<\/h3>\t\t\t\t<\/div>\n\t\t\t\t<\/div>\n\t\t\t\t<div class=\"elementor-element elementor-element-a983c92 elementor-widget elementor-widget-text-editor\" data-id=\"a983c92\" data-element_type=\"widget\" data-e-type=\"widget\" data-widget_type=\"text-editor.default\">\n\t\t\t\t<div class=\"elementor-widget-container\">\n\t\t\t\t\t\t\t\t\t<p>All contents of the website (texts, images, logos, design, structure, etc.) are the property of ACADEMTER SL or duly authorized third parties and are protected by intellectual and\/or industrial property rights.<\/p><p>Any use, reproduction, distribution, or modification of such contents without express permission is prohibited.<\/p>\t\t\t\t\t\t\t\t<\/div>\n\t\t\t\t<\/div>\n\t\t\t\t<div class=\"elementor-element elementor-element-2e4af4a elementor-widget elementor-widget-heading\" data-id=\"2e4af4a\" data-element_type=\"widget\" data-e-type=\"widget\" data-widget_type=\"heading.default\">\n\t\t\t\t<div class=\"elementor-widget-container\">\n\t\t\t\t\t<h3 class=\"elementor-heading-title elementor-size-default\">5. External Links<\/h3>\t\t\t\t<\/div>\n\t\t\t\t<\/div>\n\t\t\t\t<div class=\"elementor-element elementor-element-1c11813 elementor-widget elementor-widget-text-editor\" data-id=\"1c11813\" data-element_type=\"widget\" data-e-type=\"widget\" data-widget_type=\"text-editor.default\">\n\t\t\t\t<div class=\"elementor-widget-container\">\n\t\t\t\t\t\t\t\t\t<p>This website may contain links to third-party websites. ACADEMTER SL is not responsible for the content, information, or services that may appear on such sites, which are provided solely for informational purposes.<\/p>\t\t\t\t\t\t\t\t<\/div>\n\t\t\t\t<\/div>\n\t\t\t\t<div class=\"elementor-element elementor-element-7a952a9 elementor-widget elementor-widget-heading\" data-id=\"7a952a9\" data-element_type=\"widget\" data-e-type=\"widget\" data-widget_type=\"heading.default\">\n\t\t\t\t<div class=\"elementor-widget-container\">\n\t\t\t\t\t<h3 class=\"elementor-heading-title elementor-size-default\">6. Limitation of Liability<\/h3>\t\t\t\t<\/div>\n\t\t\t\t<\/div>\n\t\t\t\t<div class=\"elementor-element elementor-element-500d7a6 elementor-widget elementor-widget-text-editor\" data-id=\"500d7a6\" data-element_type=\"widget\" data-e-type=\"widget\" data-widget_type=\"text-editor.default\">\n\t\t\t\t<div class=\"elementor-widget-container\">\n\t\t\t\t\t\t\t\t\t<p>The owner does not guarantee the absence of errors in accessing the website nor that the site is up to date, although every effort will be made to avoid and correct any errors.<br \/>Access to the website and use of the information contained therein is the sole responsibility of the user.<\/p>\t\t\t\t\t\t\t\t<\/div>\n\t\t\t\t<\/div>\n\t\t\t\t<div class=\"elementor-element elementor-element-9230a77 elementor-widget elementor-widget-heading\" data-id=\"9230a77\" data-element_type=\"widget\" data-e-type=\"widget\" data-widget_type=\"heading.default\">\n\t\t\t\t<div class=\"elementor-widget-container\">\n\t\t\t\t\t<h3 class=\"elementor-heading-title elementor-size-default\">7. Governing Law and Jurisdiction<\/h3>\t\t\t\t<\/div>\n\t\t\t\t<\/div>\n\t\t\t\t<div class=\"elementor-element elementor-element-4533a10 elementor-widget elementor-widget-text-editor\" data-id=\"4533a10\" data-element_type=\"widget\" data-e-type=\"widget\" data-widget_type=\"text-editor.default\">\n\t\t\t\t<div class=\"elementor-widget-container\">\n\t\t\t\t\t\t\t\t\t<p>The activity carried out through this website is subject to the legislation in force in Spain. For the resolution of any dispute, both parties submit to the courts and tribunals of Barcelona, unless otherwise provided by law.<\/p>\t\t\t\t\t\t\t\t<\/div>\n\t\t\t\t<\/div>\n\t\t\t\t\t<\/div>\n\t\t\t\t<\/div>\n\t\t\t\t<\/div>\n\t\t","protected":false},"excerpt":{"rendered":"<p>En cumplimiento del art\u00edculo 10 de la Ley 34\/2002, de 11 de julio, de Servicios de la Sociedad de la Informaci\u00f3n y de Comercio Electr\u00f3nico (LSSI-CE), se pone en conocimiento de los usuarios la siguiente informaci\u00f3n: 1. Titularidad de la web y datos identificativos Titular: ACADEMTER SL CIF: B61751822 Domicilio social: CL ARAGO, 336, 08009&#8230;<\/p>\n","protected":false},"author":1,"featured_media":0,"parent":0,"menu_order":0,"comment_status":"closed","ping_status":"closed","template":"","meta":{"footnotes":""},"class_list":["post-988866","page","type-page","status-publish","hentry"],"_links":{"self":[{"href":"https:\/\/asvaluation.com\/en\/wp-json\/wp\/v2\/pages\/988866","targetHints":{"allow":["GET"]}}],"collection":[{"href":"https:\/\/asvaluation.com\/en\/wp-json\/wp\/v2\/pages"}],"about":[{"href":"https:\/\/asvaluation.com\/en\/wp-json\/wp\/v2\/types\/page"}],"author":[{"embeddable":true,"href":"https:\/\/asvaluation.com\/en\/wp-json\/wp\/v2\/users\/1"}],"replies":[{"embeddable":true,"href":"https:\/\/asvaluation.com\/en\/wp-json\/wp\/v2\/comments?post=988866"}],"version-history":[{"count":1,"href":"https:\/\/asvaluation.com\/en\/wp-json\/wp\/v2\/pages\/988866\/revisions"}],"predecessor-version":[{"id":988894,"href":"https:\/\/asvaluation.com\/en\/wp-json\/wp\/v2\/pages\/988866\/revisions\/988894"}],"wp:attachment":[{"href":"https:\/\/asvaluation.com\/en\/wp-json\/wp\/v2\/media?parent=988866"}],"curies":[{"name":"wp","href":"https:\/\/api.w.org\/{rel}","templated":true}]}}